{"id":21,"date":"2026-04-05T15:40:33","date_gmt":"2026-04-05T15:40:33","guid":{"rendered":"https:\/\/almanara-alzahabia.com\/?page_id=21"},"modified":"2026-04-06T21:26:29","modified_gmt":"2026-04-06T21:26:29","slug":"about-us","status":"publish","type":"page","link":"https:\/\/almanara-alzahabia.com\/fr\/about-us\/","title":{"rendered":"\u00c0 Propos De Nous"},"content":{"rendered":"<div data-elementor-type=\"wp-page\" data-elementor-id=\"21\" class=\"elementor elementor-21\" data-elementor-post-type=\"page\">\n\t\t\t\t<section class=\"elementor-element elementor-element-6599383 e-con-full e-flex e-con e-parent\" data-id=\"6599383\" data-element_type=\"container\" data-e-type=\"container\">\n\t\t\t\t<div class=\"elementor-element elementor-element-70828fd elementor-widget__width-inherit elementor-widget elementor-widget-image\" data-id=\"70828fd\" data-element_type=\"widget\" data-e-type=\"widget\" data-widget_type=\"image.default\">\n\t\t\t\t\t\t\t\t\t\t\t\t\t\t\t<img fetchpriority=\"high\" decoding=\"async\" width=\"1920\" height=\"1080\" src=\"https:\/\/almanara-alzahabia.com\/wp-content\/uploads\/2026\/04\/nile-trade-CCwNMg5P.png\" class=\"attachment-full size-full wp-image-113\" alt=\"\" srcset=\"https:\/\/almanara-alzahabia.com\/wp-content\/uploads\/2026\/04\/nile-trade-CCwNMg5P.png 1920w, https:\/\/almanara-alzahabia.com\/wp-content\/uploads\/2026\/04\/nile-trade-CCwNMg5P-300x169.png 300w, https:\/\/almanara-alzahabia.com\/wp-content\/uploads\/2026\/04\/nile-trade-CCwNMg5P-1024x576.png 1024w, https:\/\/almanara-alzahabia.com\/wp-content\/uploads\/2026\/04\/nile-trade-CCwNMg5P-768x432.png 768w, https:\/\/almanara-alzahabia.com\/wp-content\/uploads\/2026\/04\/nile-trade-CCwNMg5P-1536x864.png 1536w\" sizes=\"(max-width: 1920px) 100vw, 1920px\" \/>\t\t\t\t\t\t\t\t\t\t\t\t\t\t\t<\/div>\n\t\t<div class=\"elementor-element elementor-element-5a98c3a e-con-full e-flex e-con e-child\" data-id=\"5a98c3a\" data-element_type=\"container\" data-e-type=\"container\" data-settings=\"{&quot;background_background&quot;:&quot;classic&quot;,&quot;position&quot;:&quot;absolute&quot;}\">\n\t\t\t\t<\/div>\n\t\t<div class=\"elementor-element elementor-element-ce27cf7 e-con-full e-flex e-con e-child\" data-id=\"ce27cf7\" data-element_type=\"container\" data-e-type=\"container\" data-settings=\"{&quot;position&quot;:&quot;absolute&quot;}\">\n\t\t<div class=\"elementor-element elementor-element-74f2435 e-con-full e-flex e-con e-child\" data-id=\"74f2435\" data-element_type=\"container\" data-e-type=\"container\">\n\t\t\t\t<div class=\"elementor-element elementor-element-2e746b0 elementor-widget__width-inherit elementor-widget elementor-widget-heading\" data-id=\"2e746b0\" data-element_type=\"widget\" data-e-type=\"widget\" data-widget_type=\"heading.default\">\n\t\t\t\t\t<span class=\"elementor-heading-title elementor-size-default\">\u00c0 Propos De Nous<\/span>\t\t\t\t<\/div>\n\t\t\t\t<div class=\"elementor-element elementor-element-22fe0e6 elementor-widget__width-initial elementor-widget elementor-widget-heading\" data-id=\"22fe0e6\" data-element_type=\"widget\" data-e-type=\"widget\" data-widget_type=\"heading.default\">\n\t\t\t\t\t<h1 class=\"elementor-heading-title elementor-size-default\">Qui Nous Sommes<\/h1>\t\t\t\t<\/div>\n\t\t\t\t<div class=\"elementor-element elementor-element-e8c12e0 elementor-widget__width-initial elementor-widget elementor-widget-heading\" data-id=\"e8c12e0\" data-element_type=\"widget\" data-e-type=\"widget\" data-widget_type=\"heading.default\">\n\t\t\t\t\t<p class=\"elementor-heading-title elementor-size-default\">De transition \u00c9gyptien de l'excellence avec les march\u00e9s mondiaux par le biais de confiance du commerce des partenariats et des d\u00e9cennies d'expertise.<\/p>\t\t\t\t<\/div>\n\t\t\t\t<\/div>\n\t\t\t\t<\/div>\n\t\t\t\t<\/section>\n\t\t<section class=\"elementor-element elementor-element-a7967a3 e-flex e-con-boxed e-con e-parent\" data-id=\"a7967a3\" data-element_type=\"container\" data-e-type=\"container\">\n\t\t\t\t\t<div class=\"e-con-inner\">\n\t\t<div class=\"elementor-element elementor-element-ece9496 e-con-full e-flex e-con e-child\" data-id=\"ece9496\" data-element_type=\"container\" data-e-type=\"container\">\n\t\t\t\t<div class=\"elementor-element elementor-element-4d1efe0 elementor-widget__width-inherit elementor-widget elementor-widget-heading\" data-id=\"4d1efe0\" data-element_type=\"widget\" data-e-type=\"widget\" data-widget_type=\"heading.default\">\n\t\t\t\t\t<span class=\"elementor-heading-title elementor-size-default\">Notre Soci\u00e9t\u00e9<\/span>\t\t\t\t<\/div>\n\t\t\t\t<div class=\"elementor-element elementor-element-87ba17c elementor-widget__width-inherit elementor-widget elementor-widget-heading\" data-id=\"87ba17c\" data-element_type=\"widget\" data-e-type=\"widget\" data-widget_type=\"heading.default\">\n\t\t\t\t\t<h2 class=\"elementor-heading-title elementor-size-default\">Al Manara Al Zahabia pour l'Importation et l'Exportation<\/h2>\t\t\t\t<\/div>\n\t\t\t\t<div class=\"elementor-element elementor-element-3d694a0 elementor-widget__width-inherit elementor-widget elementor-widget-heading\" data-id=\"3d694a0\" data-element_type=\"widget\" data-e-type=\"widget\" data-widget_type=\"heading.default\">\n\t\t\t\t\t<p class=\"elementor-heading-title elementor-size-default\">Si\u00e8ge Social: Nouvelle Damiette \u2014 Branche: Le Caire, \u00c9gypte<\/p>\t\t\t\t<\/div>\n\t\t<div class=\"elementor-element elementor-element-9035042 e-con-full e-flex e-con e-child\" data-id=\"9035042\" data-element_type=\"container\" data-e-type=\"container\" data-settings=\"{&quot;background_background&quot;:&quot;classic&quot;}\">\n\t\t\t\t<\/div>\n\t\t\t\t<div class=\"elementor-element elementor-element-343179b elementor-widget__width-inherit elementor-widget elementor-widget-heading\" data-id=\"343179b\" data-element_type=\"widget\" data-e-type=\"widget\" data-widget_type=\"heading.default\">\n\t\t\t\t\t<p class=\"elementor-heading-title elementor-size-default\">Al Manara Al Zahabia pour l'Importation et \u00e0 l'Exportation est consid\u00e9r\u00e9e comme l'une des soci\u00e9t\u00e9s leader dans le domaine du commerce international. Op\u00e9rant \u00e0 partir de son si\u00e8ge au Caire, il sert de plaque tournante strat\u00e9gique de la connexion \u00c9gyptien march\u00e9s r\u00e9gionaux et mondiaux des fournisseurs et des march\u00e9s internationaux.<\/p>\t\t\t\t<\/div>\n\t\t\t\t<div class=\"elementor-element elementor-element-53fdd39 elementor-widget__width-inherit elementor-widget elementor-widget-heading\" data-id=\"53fdd39\" data-element_type=\"widget\" data-e-type=\"widget\" data-widget_type=\"heading.default\">\n\t\t\t\t\t<p class=\"elementor-heading-title elementor-size-default\">La soci\u00e9t\u00e9 se distingue par sa vaste expertise dans l'importation et l'exportation, avec un fort accent sur la garantie de la haute qualit\u00e9 des produits, la conformit\u00e9 avec les normes internationales, et de l'efficacit\u00e9 dans la gestion de la cha\u00eene logistique.<\/p>\t\t\t\t<\/div>\n\t\t\t\t<div class=\"elementor-element elementor-element-05d0469 elementor-widget elementor-widget-text-editor\" data-id=\"05d0469\" data-element_type=\"widget\" data-e-type=\"widget\" data-widget_type=\"text-editor.default\">\n\t\t\t\t\t\t\t\t\t<div class=\"text-white space-y-6 leading-relaxed\"><h2 class=\"text-lg md:text-xl font-bold\">Les principes de base r\u00e9gissant les activit\u00e9s de la soci\u00e9t\u00e9:<\/h2><ul class=\"list-disc pl-6 space-y-3 text-sm md:text-base\"><li>Une totale confidentialit\u00e9 des clients, des transactions commerciales et \u00e0 la protection de leur confidentialit\u00e9 de l'entreprise.<\/li><li>Assurer l'exclusivit\u00e9 du produit, pour chaque client, pour \u00e9viter le chevauchement de march\u00e9s et de pr\u00e9server des parts de march\u00e9.<\/li><li>Des services sp\u00e9cialis\u00e9s de commerce cabinet de consultants bas\u00e9 sur la pr\u00e9cision de l'analyse de march\u00e9, y compris le march\u00e9 cible de la recherche, de sp\u00e9cification de produit pour le d\u00e9veloppement, la conception de l'emballage et la pr\u00e9paration de l'exportation et des documents de douane.<\/li><li>La collaboration avec des partenaires locaux et internationaux en conformit\u00e9 avec les principes du commerce \u00e9quitable et de l'avantage mutuel.<\/li><\/ul><p class=\"text-sm md:text-base\">La soci\u00e9t\u00e9 s'appuie sur une \u00e9quipe de sp\u00e9cialistes hautement exp\u00e9riment\u00e9s dans la logistique, douane et commerce international, lui permettant d'ex\u00e9cuter des op\u00e9rations de rapidit\u00e9 et d'efficacit\u00e9, tout en conservant un fort engagement \u00e0 la satisfaction du client et de contribuer \u00e0 la promotion du commerce durable de change.<\/p><div class=\"mt-6 text-center\"><h3 class=\"text-base md:text-lg font-semibold\">Al Manara Al Zahabia pour l'Importation et l'Exportation<\/h3><p class=\"text-accent mt-2 text-sm md:text-base\">Votre passerelle vers l'excellence dans la qualit\u00e9, des prix et de la rapidit\u00e9 d'ex\u00e9cution.<\/p><\/div><\/div>\t\t\t\t\t\t\t\t<\/div>\n\t\t\t\t<\/div>\n\t\t\t\t\t<\/div>\n\t\t\t\t<\/section>\n\t\t<div class=\"elementor-element elementor-element-c40f1c5 e-flex e-con-boxed e-con e-parent\" data-id=\"c40f1c5\" data-element_type=\"container\" data-e-type=\"container\">\n\t\t\t\t\t<div class=\"e-con-inner\">\n\t\t<section class=\"elementor-element elementor-element-78cae8e e-con-full e-flex e-con e-child\" data-id=\"78cae8e\" data-element_type=\"container\" data-e-type=\"container\">\n\t\t<div class=\"elementor-element elementor-element-956a1e4 e-con-full e-flex e-con e-child\" data-id=\"956a1e4\" data-element_type=\"container\" data-e-type=\"container\">\n\t\t\t\t<div class=\"elementor-element elementor-element-93e7a4f elementor-widget__width-inherit elementor-widget elementor-widget-heading\" data-id=\"93e7a4f\" data-element_type=\"widget\" data-e-type=\"widget\" data-widget_type=\"heading.default\">\n\t\t\t\t\t<span class=\"elementor-heading-title elementor-size-default\">Nos Principes<\/span>\t\t\t\t<\/div>\n\t\t\t\t<div class=\"elementor-element elementor-element-8f8930d elementor-widget__width-initial elementor-widget elementor-widget-heading\" data-id=\"8f8930d\" data-element_type=\"widget\" data-e-type=\"widget\" data-widget_type=\"heading.default\">\n\t\t\t\t\t<h2 class=\"elementor-heading-title elementor-size-default\">Principes Essentiels Qui R\u00e9gissent Nos Activit\u00e9s<\/h2>\t\t\t\t<\/div>\n\t\t<div class=\"elementor-element elementor-element-a1002e7 e-grid e-con-full e-con e-child\" data-id=\"a1002e7\" data-element_type=\"container\" data-e-type=\"container\">\n\t\t<div class=\"elementor-element elementor-element-f4efb5b e-con-full e-flex e-con e-child\" data-id=\"f4efb5b\" data-element_type=\"container\" data-e-type=\"container\" data-settings=\"{&quot;background_background&quot;:&quot;classic&quot;}\">\n\t\t<div class=\"elementor-element elementor-element-e86f0ae e-con-full e-flex e-con e-child\" data-id=\"e86f0ae\" data-element_type=\"container\" data-e-type=\"container\">\n\t\t\t\t<div class=\"elementor-element elementor-element-bc87e78 elementor-widget__width-initial elementor-widget elementor-widget-image\" data-id=\"bc87e78\" data-element_type=\"widget\" data-e-type=\"widget\" data-widget_type=\"image.default\">\n\t\t\t\t\t\t\t\t\t\t\t\t\t\t\t<img decoding=\"async\" width=\"64\" height=\"64\" src=\"https:\/\/almanara-alzahabia.com\/wp-content\/uploads\/2026\/04\/download-8.png\" class=\"attachment-full size-full wp-image-71\" alt=\"\" \/>\t\t\t\t\t\t\t\t\t\t\t\t\t\t\t<\/div>\n\t\t\t\t<\/div>\n\t\t\t\t<div class=\"elementor-element elementor-element-3706a00 elementor-widget__width-inherit elementor-widget elementor-widget-heading\" data-id=\"3706a00\" data-element_type=\"widget\" data-e-type=\"widget\" data-widget_type=\"heading.default\">\n\t\t\t\t\t<h3 class=\"elementor-heading-title elementor-size-default\">Une Totale Confidentialit\u00e9<\/h3>\t\t\t\t<\/div>\n\t\t\t\t<div class=\"elementor-element elementor-element-e799900 elementor-widget__width-inherit elementor-widget elementor-widget-heading\" data-id=\"e799900\" data-element_type=\"widget\" data-e-type=\"widget\" data-widget_type=\"heading.default\">\n\t\t\t\t\t<p class=\"elementor-heading-title elementor-size-default\">Une totale confidentialit\u00e9 des clients, les transactions commerciales et \u00e0 la protection de leur vie priv\u00e9e.<\/p>\t\t\t\t<\/div>\n\t\t\t\t<\/div>\n\t\t<div class=\"elementor-element elementor-element-0508689 e-con-full e-flex e-con e-child\" data-id=\"0508689\" data-element_type=\"container\" data-e-type=\"container\" data-settings=\"{&quot;background_background&quot;:&quot;classic&quot;}\">\n\t\t<div class=\"elementor-element elementor-element-76a9293 e-con-full e-flex e-con e-child\" data-id=\"76a9293\" data-element_type=\"container\" data-e-type=\"container\">\n\t\t\t\t<div class=\"elementor-element elementor-element-0d0202a elementor-widget__width-initial elementor-widget elementor-widget-image\" data-id=\"0d0202a\" data-element_type=\"widget\" data-e-type=\"widget\" data-widget_type=\"image.default\">\n\t\t\t\t\t\t\t\t\t\t\t\t\t\t\t<img decoding=\"async\" width=\"64\" height=\"64\" src=\"https:\/\/almanara-alzahabia.com\/wp-content\/uploads\/2026\/04\/download-7.png\" class=\"attachment-full size-full wp-image-65\" alt=\"\" \/>\t\t\t\t\t\t\t\t\t\t\t\t\t\t\t<\/div>\n\t\t\t\t<\/div>\n\t\t\t\t<div class=\"elementor-element elementor-element-6aa8f59 elementor-widget__width-inherit elementor-widget elementor-widget-heading\" data-id=\"6aa8f59\" data-element_type=\"widget\" data-e-type=\"widget\" data-widget_type=\"heading.default\">\n\t\t\t\t\t<h3 class=\"elementor-heading-title elementor-size-default\">Produit Exclusif De Sourcing<\/h3>\t\t\t\t<\/div>\n\t\t\t\t<div class=\"elementor-element elementor-element-9768357 elementor-widget__width-inherit elementor-widget elementor-widget-heading\" data-id=\"9768357\" data-element_type=\"widget\" data-e-type=\"widget\" data-widget_type=\"heading.default\">\n\t\t\t\t\t<p class=\"elementor-heading-title elementor-size-default\">Assurer l'exclusivit\u00e9 d'approvisionnement de produits pour chaque client afin de pr\u00e9venir le chevauchement de march\u00e9s et de pr\u00e9server des parts de march\u00e9.<\/p>\t\t\t\t<\/div>\n\t\t\t\t<\/div>\n\t\t<div class=\"elementor-element elementor-element-1adcca1 e-con-full e-flex e-con e-child\" data-id=\"1adcca1\" data-element_type=\"container\" data-e-type=\"container\" data-settings=\"{&quot;background_background&quot;:&quot;classic&quot;}\">\n\t\t<div class=\"elementor-element elementor-element-c028609 e-con-full e-flex e-con e-child\" data-id=\"c028609\" data-element_type=\"container\" data-e-type=\"container\">\n\t\t\t\t<div class=\"elementor-element elementor-element-a0f66e0 elementor-widget__width-initial elementor-widget elementor-widget-image\" data-id=\"a0f66e0\" data-element_type=\"widget\" data-e-type=\"widget\" data-widget_type=\"image.default\">\n\t\t\t\t\t\t\t\t\t\t\t\t\t\t\t<img loading=\"lazy\" decoding=\"async\" width=\"64\" height=\"64\" src=\"https:\/\/almanara-alzahabia.com\/wp-content\/uploads\/2026\/04\/download-21.png\" class=\"attachment-full size-full wp-image-152\" alt=\"\" \/>\t\t\t\t\t\t\t\t\t\t\t\t\t\t\t<\/div>\n\t\t\t\t<\/div>\n\t\t\t\t<div class=\"elementor-element elementor-element-abae4de elementor-widget__width-inherit elementor-widget elementor-widget-heading\" data-id=\"abae4de\" data-element_type=\"widget\" data-e-type=\"widget\" data-widget_type=\"heading.default\">\n\t\t\t\t\t<h3 class=\"elementor-heading-title elementor-size-default\">Le Commerce Sp\u00e9cialis\u00e9 De Conseil<\/h3>\t\t\t\t<\/div>\n\t\t\t\t<div class=\"elementor-element elementor-element-f87ce37 elementor-widget__width-inherit elementor-widget elementor-widget-heading\" data-id=\"f87ce37\" data-element_type=\"widget\" data-e-type=\"widget\" data-widget_type=\"heading.default\">\n\t\t\t\t\t<p class=\"elementor-heading-title elementor-size-default\">Des services sp\u00e9cialis\u00e9s de commerce cabinet de consultants bas\u00e9 sur la pr\u00e9cision de l'analyse de march\u00e9, y compris le march\u00e9 cible de la recherche, de sp\u00e9cification de produit pour le d\u00e9veloppement, la conception de l'emballage et la pr\u00e9paration de l'exportation et des documents de douane.<\/p>\t\t\t\t<\/div>\n\t\t\t\t<\/div>\n\t\t<div class=\"elementor-element elementor-element-4ac4f00 e-con-full e-flex e-con e-child\" data-id=\"4ac4f00\" data-element_type=\"container\" data-e-type=\"container\" data-settings=\"{&quot;background_background&quot;:&quot;classic&quot;}\">\n\t\t<div class=\"elementor-element elementor-element-1002f97 e-con-full e-flex e-con e-child\" data-id=\"1002f97\" data-element_type=\"container\" data-e-type=\"container\">\n\t\t\t\t<div class=\"elementor-element elementor-element-56c3e11 elementor-widget__width-initial elementor-widget elementor-widget-image\" data-id=\"56c3e11\" data-element_type=\"widget\" data-e-type=\"widget\" data-widget_type=\"image.default\">\n\t\t\t\t\t\t\t\t\t\t\t\t\t\t\t<img loading=\"lazy\" decoding=\"async\" width=\"64\" height=\"64\" src=\"https:\/\/almanara-alzahabia.com\/wp-content\/uploads\/2026\/04\/Handshake-TeB0G9av-1.png\" class=\"attachment-full size-full wp-image-117\" alt=\"\" \/>\t\t\t\t\t\t\t\t\t\t\t\t\t\t\t<\/div>\n\t\t\t\t<\/div>\n\t\t\t\t<div class=\"elementor-element elementor-element-f87943e elementor-widget__width-inherit elementor-widget elementor-widget-heading\" data-id=\"f87943e\" data-element_type=\"widget\" data-e-type=\"widget\" data-widget_type=\"heading.default\">\n\t\t\t\t\t<h3 class=\"elementor-heading-title elementor-size-default\">Foire Du Commerce Et De L'Avantage Mutuel<\/h3>\t\t\t\t<\/div>\n\t\t\t\t<div class=\"elementor-element elementor-element-cadb3c4 elementor-widget__width-inherit elementor-widget elementor-widget-heading\" data-id=\"cadb3c4\" data-element_type=\"widget\" data-e-type=\"widget\" data-widget_type=\"heading.default\">\n\t\t\t\t\t<p class=\"elementor-heading-title elementor-size-default\">La Collaboration avec des partenaires locaux et internationaux sur la base des principes du commerce \u00e9quitable et de l'avantage mutuel.<\/p>\t\t\t\t<\/div>\n\t\t\t\t<\/div>\n\t\t<div class=\"elementor-element elementor-element-e4c83fe e-con-full e-flex e-con e-child\" data-id=\"e4c83fe\" data-element_type=\"container\" data-e-type=\"container\" data-settings=\"{&quot;background_background&quot;:&quot;classic&quot;}\">\n\t\t<div class=\"elementor-element elementor-element-cf10ef1 e-con-full e-flex e-con e-child\" data-id=\"cf10ef1\" data-element_type=\"container\" data-e-type=\"container\">\n\t\t\t\t<div class=\"elementor-element elementor-element-fcbf779 elementor-widget__width-initial elementor-widget elementor-widget-image\" data-id=\"fcbf779\" data-element_type=\"widget\" data-e-type=\"widget\" data-widget_type=\"image.default\">\n\t\t\t\t\t\t\t\t\t\t\t\t\t\t\t<img loading=\"lazy\" decoding=\"async\" width=\"64\" height=\"64\" src=\"https:\/\/almanara-alzahabia.com\/wp-content\/uploads\/2026\/04\/download-9.png\" class=\"attachment-full size-full wp-image-72\" alt=\"\" \/>\t\t\t\t\t\t\t\t\t\t\t\t\t\t\t<\/div>\n\t\t\t\t<\/div>\n\t\t\t\t<div class=\"elementor-element elementor-element-21f5222 elementor-widget__width-inherit elementor-widget elementor-widget-heading\" data-id=\"21f5222\" data-element_type=\"widget\" data-e-type=\"widget\" data-widget_type=\"heading.default\">\n\t\t\t\t\t<h3 class=\"elementor-heading-title elementor-size-default\">International De La Conformit\u00e9<\/h3>\t\t\t\t<\/div>\n\t\t\t\t<div class=\"elementor-element elementor-element-88e50eb elementor-widget__width-inherit elementor-widget elementor-widget-heading\" data-id=\"88e50eb\" data-element_type=\"widget\" data-e-type=\"widget\" data-widget_type=\"heading.default\">\n\t\t\t\t\t<p class=\"elementor-heading-title elementor-size-default\">L'accent sur la garantie de la haute qualit\u00e9 des produits, la conformit\u00e9 avec les normes internationales, et de l'efficacit\u00e9 dans la gestion de la cha\u00eene logistique.<\/p>\t\t\t\t<\/div>\n\t\t\t\t<\/div>\n\t\t<div class=\"elementor-element elementor-element-2a71e87 e-con-full e-flex e-con e-child\" data-id=\"2a71e87\" data-element_type=\"container\" data-e-type=\"container\" data-settings=\"{&quot;background_background&quot;:&quot;classic&quot;}\">\n\t\t<div class=\"elementor-element elementor-element-59b9252 e-con-full e-flex e-con e-child\" data-id=\"59b9252\" data-element_type=\"container\" data-e-type=\"container\">\n\t\t\t\t<div class=\"elementor-element elementor-element-9e4454d elementor-widget__width-initial elementor-widget elementor-widget-image\" data-id=\"9e4454d\" data-element_type=\"widget\" data-e-type=\"widget\" data-widget_type=\"image.default\">\n\t\t\t\t\t\t\t\t\t\t\t\t\t\t\t<img loading=\"lazy\" decoding=\"async\" width=\"64\" height=\"64\" src=\"https:\/\/almanara-alzahabia.com\/wp-content\/uploads\/2026\/04\/download-5.png\" class=\"attachment-full size-full wp-image-64\" alt=\"\" \/>\t\t\t\t\t\t\t\t\t\t\t\t\t\t\t<\/div>\n\t\t\t\t<\/div>\n\t\t\t\t<div class=\"elementor-element elementor-element-79dd190 elementor-widget__width-inherit elementor-widget elementor-widget-heading\" data-id=\"79dd190\" data-element_type=\"widget\" data-e-type=\"widget\" data-widget_type=\"heading.default\">\n\t\t\t\t\t<h3 class=\"elementor-heading-title elementor-size-default\">Une \u00c9quipe D'Experts<\/h3>\t\t\t\t<\/div>\n\t\t\t\t<div class=\"elementor-element elementor-element-509dab0 elementor-widget__width-inherit elementor-widget elementor-widget-heading\" data-id=\"509dab0\" data-element_type=\"widget\" data-e-type=\"widget\" data-widget_type=\"heading.default\">\n\t\t\t\t\t<p class=\"elementor-heading-title elementor-size-default\">Une \u00e9quipe de professionnels tr\u00e8s exp\u00e9riment\u00e9s dans la logistique, douane et commerce international, ce qui permet efficace et rapide des op\u00e9rations.<\/p>\t\t\t\t<\/div>\n\t\t\t\t<\/div>\n\t\t\t\t<\/div>\n\t\t\t\t<\/div>\n\t\t\t\t<\/section>\n\t\t\t\t\t<\/div>\n\t\t\t\t<\/div>\n\t\t\t\t<\/div>","protected":false},"excerpt":{"rendered":"<p>About Us Who We Are Bridging Egyptian excellence with global markets through trusted trade partnerships and decades of expertise. Our Company Al Manara Al Zahabia for Import &amp; Export Headquarters: New Damietta \u2014 Branch: Cairo, Egypt Al Manara Al Zahabia for Import &amp; Export is considered one of the leading companies in the field of&#8230;<\/p>","protected":false},"author":1,"featured_media":0,"parent":0,"menu_order":0,"comment_status":"closed","ping_status":"closed","template":"","meta":{"_kad_post_transparent":"","_kad_post_title":"hide","_kad_post_layout":"fullwidth","_kad_post_sidebar_id":"","_kad_post_content_style":"unboxed","_kad_post_vertical_padding":"hide","_kad_post_feature":"hide","_kad_post_feature_position":"","_kad_post_header":false,"_kad_post_footer":false,"_kad_post_classname":"","footnotes":""},"class_list":["post-21","page","type-page","status-publish","hentry"],"aioseo_notices":[],"_links":{"self":[{"href":"https:\/\/almanara-alzahabia.com\/fr\/wp-json\/wp\/v2\/pages\/21","targetHints":{"allow":["GET"]}}],"collection":[{"href":"https:\/\/almanara-alzahabia.com\/fr\/wp-json\/wp\/v2\/pages"}],"about":[{"href":"https:\/\/almanara-alzahabia.com\/fr\/wp-json\/wp\/v2\/types\/page"}],"author":[{"embeddable":true,"href":"https:\/\/almanara-alzahabia.com\/fr\/wp-json\/wp\/v2\/users\/1"}],"replies":[{"embeddable":true,"href":"https:\/\/almanara-alzahabia.com\/fr\/wp-json\/wp\/v2\/comments?post=21"}],"version-history":[{"count":0,"href":"https:\/\/almanara-alzahabia.com\/fr\/wp-json\/wp\/v2\/pages\/21\/revisions"}],"wp:attachment":[{"href":"https:\/\/almanara-alzahabia.com\/fr\/wp-json\/wp\/v2\/media?parent=21"}],"curies":[{"name":"wp","href":"https:\/\/api.w.org\/{rel}","templated":true}]}}